{"id":284,"date":"2025-10-02T15:19:42","date_gmt":"2025-10-02T13:19:42","guid":{"rendered":"https:\/\/playandeatmap.com\/declaracion-de-privacidad\/"},"modified":"2025-10-14T16:04:03","modified_gmt":"2025-10-14T14:04:03","slug":"declaracion-de-privacidad","status":"publish","type":"page","link":"https:\/\/playandeatmap.com\/es\/declaracion-de-privacidad\/","title":{"rendered":"Declaraci\u00f3n de privacidad"},"content":{"rendered":"<p>[et_pb_section fb_built=\u00bb1&#8243; _builder_version=\u00bb4.27.4&#8243; _module_preset=\u00bbdefault\u00bb background_color=\u00bb#1C9FCA\u00bb background_image=\u00bbhttps:\/\/playandeatmap.com\/wp-content\/uploads\/2025\/10\/Logo-achtergrond.webp\u00bb background_size=\u00bbcustom\u00bb background_image_width=\u00bb35%\u00bb background_position=\u00bbbottom_left\u00bb background_blend=\u00bbsoft-light\u00bb global_colors_info=\u00bb{}\u00bb][et_pb_row _builder_version=\u00bb4.27.4&#8243; _module_preset=\u00bbdefault\u00bb global_colors_info=\u00bb{}\u00bb][et_pb_column type=\u00bb4_4&#8243; _builder_version=\u00bb4.27.4&#8243; _module_preset=\u00bbdefault\u00bb global_colors_info=\u00bb{}\u00bb][et_pb_text _builder_version=\u00bb4.27.4&#8243; _module_preset=\u00bbdefault\u00bb text_font=\u00bb|600|||||||\u00bb text_text_color=\u00bb#FFFFFF\u00bb header_2_text_align=\u00bbleft\u00bb header_2_text_color=\u00bb#FFFFFF\u00bb header_2_font_size=\u00bb40px\u00bb text_orientation=\u00bbcenter\u00bb global_colors_info=\u00bb{}\u00bb]<\/p>\n<h2>Declaraci\u00f3n de privacidad &#8211; Play &amp; Eat Map<\/h2>\n<p>[\/et_pb_text][et_pb_divider color=\u00bb#CB4230&#8243; divider_weight=\u00bb2px\u00bb _builder_version=\u00bb4.27.4&#8243; _module_preset=\u00bbdefault\u00bb width=\u00bb10vw\u00bb module_alignment=\u00bbleft\u00bb custom_margin=\u00bb-25px||||false|false\u00bb global_colors_info=\u00bb{}\u00bb][\/et_pb_divider][et_pb_text _builder_version=\u00bb4.27.4&#8243; _module_preset=\u00bbdefault\u00bb text_font=\u00bb|600|||||||\u00bb text_text_color=\u00bb#FFFFFF\u00bb text_font_size=\u00bb19px\u00bb link_font=\u00bb||||on||||\u00bb link_text_color=\u00bb#FFFFFF\u00bb link_line_height=\u00bb1.7em\u00bb ul_line_height=\u00bb1.8em\u00bb header_2_text_color=\u00bb#FFFFFF\u00bb header_2_font_size=\u00bb40px\u00bb header_3_text_color=\u00bb#FFFFFF\u00bb global_colors_info=\u00bb{}\u00bb]<\/p>\n<h3>1. Qui\u00e9nes somos<\/h3>\n<p>Play &amp; Eat Map es responsable del tratamiento de los datos personales tal y como se indica en la presente declaraci\u00f3n de privacidad.<\/p>\n<p><strong>Datos de la empresa:<\/strong> <br \/>Play &amp; Eat Map <br \/>Rijnstraat 1, Maasdam <br \/>N\u00famero de registro mercantil: 98153498 <br \/>Correo electr\u00f3nico: <a href=\"mailto:info@playandeatmap.com\">info@playandeatmap.com<\/a> <br \/>Tel\u00e9fono\/WhatsApp: +34 604 238 044 <br \/>Sitio web: www.playandeatmap.com<\/p>\n<h3>2. \u00bfQu\u00e9 datos procesamos?<\/h3>\n<p>Distinguimos tres categor\u00edas de personas y tratamos los siguientes datos por categor\u00eda:<\/p>\n<p>2.1 Relaciones comerciales (por ejemplo, propietarios de restaurantes)<\/p>\n<ul>\n<li>Nombre y apellidos, cargo de la persona de contacto<\/li>\n<li>Nombre de la empresa o asociaci\u00f3n, direcci\u00f3n, c\u00f3digo postal y localidad<\/li>\n<li>N\u00famero de tel\u00e9fono y direcci\u00f3n de correo electr\u00f3nico<\/li>\n<li>Datos de pago (IBAN, n\u00famero de IVA, domiciliaci\u00f3n bancaria)<\/li>\n<\/ul>\n<p>2.2 Clientes (compradores de la mapa, el e-book o la suscripci\u00f3n)<\/p>\n<ul>\n<li>Nombre y apellidos<\/li>\n<li>Direcci\u00f3n, c\u00f3digo postal, ciudad<\/li>\n<li>N\u00famero de tel\u00e9fono y direcci\u00f3n de correo electr\u00f3nico<\/li>\n<li>Datos de pago (a trav\u00e9s de un proveedor de pagos seguro)<\/li>\n<\/ul>\n<p>2.3 Visitantes del sitio web<\/p>\n<ul>\n<li>Datos sobre la actividad del sitio web<\/li>\n<li>Datos del navegador y del dispositivo<\/li>\n<li>Preferencias de cookies (v\u00e9ase el apartado 6)<\/li>\n<\/ul>\n<h3>3. Para qu\u00e9 utilizamos estos datos<\/h3>\n<p>Procesamos datos personales exclusivamente para los siguientes fines:<\/p>\n<ul>\n<li>Gesti\u00f3n de pedidos y pagos<\/li>\n<li>Proporcionar acceso a productos digitales (mapa, e-book)<\/li>\n<li>Env\u00edo de actualizaciones, boletines informativos y mensajes de servicio (previo consentimiento)<\/li>\n<li>Mejorar nuestro sitio web y nuestros servicios<\/li>\n<\/ul>\n<p><strong>Fundamentos jur\u00eddicos<\/strong> <br \/>Solo tratamos datos sobre la base de uno o varios de los siguientes fundamentos del RGPD:<\/p>\n<ul>\n<li><strong>Ejecuci\u00f3n de un contrato<\/strong>, como la entrega de un producto digital.<\/li>\n<li><strong>Obligaci\u00f3n legal,<\/strong> por ejemplo, la obligaci\u00f3n fiscal de conservaci\u00f3n de documentos.<\/li>\n<li><strong>Autorizaci\u00f3n,<\/strong> por ejemplo, para el marketing por correo electr\u00f3nico.<\/li>\n<li><strong>Inter\u00e9s leg\u00edtimo<\/strong>, como mejorar la experiencia del usuario y proteger nuestros servicios.<\/li>\n<\/ul>\n<h3>4. Plazos de conservaci\u00f3n<\/h3>\n<ul>\n<li>Datos de pedidos y facturas: 7 a\u00f1os (obligaci\u00f3n legal de conservaci\u00f3n)<\/li>\n<li>Datos del bolet\u00edn informativo: hasta la baja<\/li>\n<li>Datos del sitio web y cookies: m\u00e1ximo 2 a\u00f1os.<\/li>\n<\/ul>\n<h3>5. Compartir con terceros<\/h3>\n<p>Solo compartimos datos personales con terceros cuando es necesario para prestar nuestros servicios o para cumplir con obligaciones legales. Por ejemplo: <\/p>\n<ul>\n<li>Proveedores de servicios de pago (por ejemplo, Stripe o Mollie)<\/li>\n<li>Alojamiento de nuestro sitio web<\/li>\n<li>Software para boletines informativos como ZohoCampaign\n<ul><\/ul>\n<\/li>\n<\/ul>\n<p>Se han celebrado acuerdos de procesamiento con todas estas partes de conformidad con el RGPD.<\/p>\n<p>Algunos proveedores de servicios, como Stripe, pueden procesar datos fuera del Espacio Econ\u00f3mico Europeo (EEE). Nos aseguramos de que estas partes apliquen las garant\u00edas adecuadas, por ejemplo, mediante las cl\u00e1usulas contractuales tipo de la UE. <\/p>\n<h3>6. Registro de visitas al sitio web: cookies<\/h3>\n<p>Nuestro sitio web utiliza cookies para mejorar su experiencia de usuario. Una cookie es un peque\u00f1o archivo de texto que se almacena en su ordenador, tableta o smartphone la primera vez que visita este sitio web. Existen diferentes tipos de cookies, algunas de las cuales son necesarias para que el sitio web funcione. Al visitar nuestro sitio web, puede indicar qu\u00e9 cookies desea que se instalen. Si decide no instalar determinadas cookies, es posible que el sitio web no funcione de forma \u00f3ptima y que no se guarden sus preferencias.    <\/p>\n<p>Puede revocar este consentimiento de cookies en cualquier momento haciendo clic en el banner de cookies que permanece visible en la pantalla.<\/p>\n<p><strong>Eliminar cookies<\/strong> <br \/>Una vez instaladas las cookies en tu PC, tableta o m\u00f3vil, puedes eliminarlas a trav\u00e9s de la configuraci\u00f3n del navegador.<\/p>\n<h3>7. Redes sociales y enlaces externos<\/h3>\n<p>Nuestro sitio web contiene enlaces a sitios web externos y plataformas de redes sociales (como Instagram). No tenemos influencia alguna sobre el tratamiento que estas partes dan a los datos personales y recomendamos consultar sus propias declaraciones de privacidad. <\/p>\n<h3>8. Seguridad<\/h3>\n<p>Tomamos medidas tanto t\u00e9cnicas como organizativas para evitar el uso indebido, la p\u00e9rdida o el acceso no autorizado, entre las que se incluyen:<\/p>\n<ul>\n<li>Seguridad SSL (https:\/\/)<\/li>\n<li>Contrase\u00f1as seguras y derechos de acceso restringidos<\/li>\n<li>Almacenamiento cifrado de datos siempre que sea posible<\/li>\n<\/ul>\n<p>El env\u00edo de datos a trav\u00e9s de Internet sigue siendo en parte bajo su propio riesgo. Aseg\u00farese de proteger su dispositivo y su conexi\u00f3n. <\/p>\n<h3>9. Tus derechos<\/h3>\n<p>Tienes derecho a:<\/p>\n<ul>\n<li>Acceso a tus datos<\/li>\n<li>Correcci\u00f3n o eliminaci\u00f3n (\u00abderecho al olvido\u00bb)<\/li>\n<li>Restricci\u00f3n u oposici\u00f3n al tratamiento<\/li>\n<li>Portabilidad de datos<\/li>\n<li>Retirada del consentimiento para el marketing por correo electr\u00f3nico<\/li>\n<\/ul>\n<p>Env\u00ede su solicitud a <a href=\"mailto:info@playandeatmap.com\">info@playandeatmap.com<\/a>. Le responderemos en un plazo de 30 d\u00edas. Puede darse de baja de los boletines informativos a trav\u00e9s del enlace de baja que aparece en cada correo electr\u00f3nico.  <\/p>\n<h3>10. Descargo de responsabilidad<\/h3>\n<p>El contenido de nuestro sitio web ha sido elaborado con esmero, pero no se pueden derivar derechos del mismo. No nos hacemos responsables de posibles inexactitudes o fallos. Los enlaces externos se incluyen \u00fanicamente a t\u00edtulo informativo; no nos hacemos responsables del contenido ni de la pol\u00edtica de privacidad de los sitios externos.  <\/p>\n<p>No est\u00e1 permitido copiar ni difundir informaci\u00f3n, im\u00e1genes u otros elementos de este sitio web para uso comercial sin autorizaci\u00f3n por escrito.<\/p>\n<h3>11. Modificaciones<\/h3>\n<p>Play &amp; Eat Map se reserva el derecho a modificar esta declaraci\u00f3n de privacidad. Los cambios se publicar\u00e1n en el sitio web y, cuando sea posible, se comunicar\u00e1n por correo electr\u00f3nico. <\/p>\n<h3>12. Contacto y reclamaciones<\/h3>\n<p>Si tienes alguna pregunta o queja sobre la privacidad, puedes ponerte en contacto con nosotros a trav\u00e9s de <a href=\"mailto:info@playandeatmap.com\">info@playandeatmap.com<\/a>. Si no est\u00e1s de acuerdo con nuestra gesti\u00f3n, puedes presentar una queja ante la Autoridad de Protecci\u00f3n de Datos (www.autoriteitpersoonsgegevens.nl). <\/p>\n<p>Maasdam, septiembre de 2025. <br \/>\n  <em>\u00daltima modificaci\u00f3n: 29 de septiembre de 2025. <\/em>\n<\/p>\n<p>[\/et_pb_text][\/et_pb_column][\/et_pb_row][\/et_pb_section]<\/p>\n","protected":false},"excerpt":{"rendered":"<p>En nuestra declaraci\u00f3n de privacidad puede leer qu\u00e9 datos recopilamos y c\u00f3mo los tratamos con cuidado. <\/p>\n","protected":false},"author":1,"featured_media":0,"parent":0,"menu_order":0,"comment_status":"closed","ping_status":"closed","template":"","meta":{"_et_pb_use_builder":"on","_et_pb_old_content":"","_et_gb_content_width":"","footnotes":""},"class_list":["post-284","page","type-page","status-publish","hentry"],"_links":{"self":[{"href":"https:\/\/playandeatmap.com\/es\/wp-json\/wp\/v2\/pages\/284","targetHints":{"allow":["GET"]}}],"collection":[{"href":"https:\/\/playandeatmap.com\/es\/wp-json\/wp\/v2\/pages"}],"about":[{"href":"https:\/\/playandeatmap.com\/es\/wp-json\/wp\/v2\/types\/page"}],"author":[{"embeddable":true,"href":"https:\/\/playandeatmap.com\/es\/wp-json\/wp\/v2\/users\/1"}],"replies":[{"embeddable":true,"href":"https:\/\/playandeatmap.com\/es\/wp-json\/wp\/v2\/comments?post=284"}],"version-history":[{"count":14,"href":"https:\/\/playandeatmap.com\/es\/wp-json\/wp\/v2\/pages\/284\/revisions"}],"predecessor-version":[{"id":730,"href":"https:\/\/playandeatmap.com\/es\/wp-json\/wp\/v2\/pages\/284\/revisions\/730"}],"wp:attachment":[{"href":"https:\/\/playandeatmap.com\/es\/wp-json\/wp\/v2\/media?parent=284"}],"curies":[{"name":"wp","href":"https:\/\/api.w.org\/{rel}","templated":true}]}}