{"id":302,"date":"2025-10-04T13:59:49","date_gmt":"2025-10-04T11:59:49","guid":{"rendered":"https:\/\/playandeatmap.com\/?page_id=302"},"modified":"2025-10-17T15:55:00","modified_gmt":"2025-10-17T13:55:00","slug":"empresas","status":"publish","type":"page","link":"https:\/\/playandeatmap.com\/es\/empresas\/","title":{"rendered":"Empresas"},"content":{"rendered":"<p>[et_pb_section fb_built=\u00bb1&#8243; fullwidth=\u00bbon\u00bb _builder_version=\u00bb4.27.4&#8243; _module_preset=\u00bbdefault\u00bb global_colors_info=\u00bb{}\u00bb][et_pb_fullwidth_header title=\u00bbLlega a miles de familias.\u00bb subhead=\u00bbDestaca en Play &#038; Eat Map.  \u00bb text_orientation=\u00bbcenter\u00bb button_one_text=\u00bbHazte socio fundador\u00bb button_one_url=\u00bbhttps:\/\/playandeatmap.com\/es\/producto\/socio-fundador-de-play-eat-map\/\u00bb _builder_version=\u00bb4.27.4&#8243; _module_preset=\u00bbdefault\u00bb title_font=\u00bb|800|||||||\u00bb title_text_align=\u00bbcenter\u00bb title_font_size=\u00bb80px\u00bb subhead_font=\u00bb|700|on||||||\u00bb subhead_text_align=\u00bbcenter\u00bb subhead_font_size=\u00bb30px\u00bb background_color=\u00bbRGBA(255,255,255,0)\u00bb background_image=\u00bbhttps:\/\/playandeatmap.com\/wp-content\/uploads\/2025\/09\/Play-eat-home.webp\u00bb custom_button_one=\u00bbon\u00bb button_one_text_color=\u00bb#FFFFFF\u00bb button_one_bg_color=\u00bb#CB4230&#8243; button_one_border_radius=\u00bb5px\u00bb button_one_font=\u00bb|700|||||||\u00bb button_one_use_icon=\u00bboff\u00bb custom_padding=\u00bb10vw||16vw||false|false\u00bb title_font_size_tablet=\u00bb80px\u00bb title_font_size_phone=\u00bb50px\u00bb title_font_size_last_edited=\u00bbon|phone\u00bb subhead_font_size_tablet=\u00bb30px\u00bb subhead_font_size_phone=\u00bb30px\u00bb subhead_font_size_last_edited=\u00bbon|phone\u00bb custom_css_subtitle=\u00bbpadding-top: 50px;||padding-bottom: 50px;\u00bb custom_css_button_1=\u00bbpadding: 15px !important;||line-height: 1.4em !important;\u00bb title_text_shadow_style=\u00bbpreset3&#8243; subhead_text_shadow_style=\u00bbpreset3&#8243; global_colors_info=\u00bb{}\u00bb button_one_bg_color__hover_enabled=\u00bbon|hover\u00bb button_one_bg_color__hover=\u00bb#1C9FCA\u00bb button_one_bg_enable_color__hover=\u00bbon\u00bb][\/et_pb_fullwidth_header][\/et_pb_section][et_pb_section fb_built=\u00bb1&#8243; _builder_version=\u00bb4.27.4&#8243; _module_preset=\u00bbdefault\u00bb background_color=\u00bb#1C9FCA\u00bb custom_padding=\u00bb2vw||0px||false|false\u00bb global_colors_info=\u00bb{}\u00bb][et_pb_row _builder_version=\u00bb4.27.4&#8243; _module_preset=\u00bbdefault\u00bb global_colors_info=\u00bb{}\u00bb][et_pb_column type=\u00bb4_4&#8243; _builder_version=\u00bb4.27.4&#8243; _module_preset=\u00bbdefault\u00bb global_colors_info=\u00bb{}\u00bb][et_pb_text _builder_version=\u00bb4.27.4&#8243; _module_preset=\u00bbdefault\u00bb text_text_color=\u00bb#CB4230&#8243; text_font_size=\u00bb30px\u00bb text_line_height=\u00bb32px\u00bb background_color=\u00bb#FFFFFF\u00bb text_orientation=\u00bbcenter\u00bb custom_margin=\u00bb-160px||||false|false\u00bb custom_margin_tablet=\u00bb-120px||||false|false\u00bb custom_margin_phone=\u00bb-100px||||false|false\u00bb custom_margin_last_edited=\u00bbon|phone\u00bb custom_padding=\u00bb3vw|3vw|3vw|3vw|true|true\u00bb custom_padding_tablet=\u00bb5vw|5vw|5vw|5vw|true|true\u00bb custom_padding_phone=\u00bb5vw|5vw|5vw|5vw|true|true\u00bb custom_padding_last_edited=\u00bbon|phone\u00bb text_font_size_tablet=\u00bb30px\u00bb text_font_size_phone=\u00bb26px\u00bb text_font_size_last_edited=\u00bbon|phone\u00bb border_radii=\u00bbon|5px|5px|5px|5px\u00bb global_colors_info=\u00bb{}\u00bb]<\/p>\n<p>Convi\u00e9rtete en uno de los <strong>primeros 100<\/strong> restaurantes y disfruta del mayor descuento de por vida.<\/p>\n<p>[\/et_pb_text][\/et_pb_column][\/et_pb_row][\/et_pb_section][et_pb_section fb_built=\u00bb1&#8243; custom_padding_last_edited=\u00bbon|desktop\u00bb _builder_version=\u00bb4.27.4&#8243; _module_preset=\u00bbdefault\u00bb background_color=\u00bb#1DA0CA\u00bb background_enable_image=\u00bboff\u00bb background_size=\u00bbcustom\u00bb background_image_width=\u00bb75%\u00bb background_position=\u00bbbottom_right\u00bb custom_padding=\u00bb10px||||false|false\u00bb custom_padding_tablet=\u00bb0px||||false|false\u00bb custom_padding_phone=\u00bb0px||||false|false\u00bb hover_enabled=\u00bb0&#8243; global_colors_info=\u00bb{}\u00bb custom_margin_last_edited=\u00bbon|phone\u00bb sticky_enabled=\u00bb0&#8243; custom_margin_tablet=\u00bb-15px||||false|false\u00bb custom_margin_phone=\u00bb-15px||||false|false\u00bb][et_pb_row column_structure=\u00bb2_5,3_5&#8243; make_equal=\u00bbon\u00bb _builder_version=\u00bb4.27.4&#8243; _module_preset=\u00bbdefault\u00bb hover_enabled=\u00bb0&#8243; global_colors_info=\u00bb{}\u00bb custom_padding=\u00bb0px||||false|false\u00bb sticky_enabled=\u00bb0&#8243;][et_pb_column type=\u00bb2_5&#8243; _builder_version=\u00bb4.27.4&#8243; _module_preset=\u00bbdefault\u00bb background_color=\u00bbRGBA(255,255,255,0)\u00bb custom_padding=\u00bb2vw|2vw|2vw|2vw|true|true\u00bb custom_padding_tablet=\u00bb4vw|4vw|4vw|4vw|true|true\u00bb custom_padding_phone=\u00bb8vw|8vw|8vw|8vw|true|true\u00bb custom_padding_last_edited=\u00bbon|desktop\u00bb global_colors_info=\u00bb{}\u00bb][et_pb_text _builder_version=\u00bb4.27.4&#8243; _module_preset=\u00bbdefault\u00bb text_font=\u00bb|600|||||||\u00bb text_text_color=\u00bb#FFFFFF\u00bb text_font_size=\u00bb20px\u00bb ul_line_height=\u00bb1.8em\u00bb header_2_text_color=\u00bb#FFFFFF\u00bb header_2_font_size=\u00bb30px\u00bb header_3_text_color=\u00bb#FFFFFF\u00bb header_3_font_size=\u00bb25px\u00bb header_2_font_size_tablet=\u00bb30px\u00bb header_2_font_size_phone=\u00bb30px\u00bb header_2_font_size_last_edited=\u00bbon|phone\u00bb global_colors_info=\u00bb{}\u00bb]<\/p>\n<h2><span style=\"color: #cb4230;\">Por qu\u00e9 las familias no te encuentran ahora<\/span><\/h2>\n<p>Los padres quieren disfrutar de una comida tranquila.<br \/>Los ni\u00f1os necesitan un lugar donde jugar con seguridad.<br \/>Tu restaurante ofrece justo eso\u2026 pero las familias no lo saben.<\/p>\n<p><strong>Consecuencia:<\/strong><\/p>\n<ul>\n<li>Las familias eligen el primer restaurante que<strong> s\u00ed es visible<\/strong>.<\/li>\n<li>Los restaurantes con zona infantil pierden <strong>reservas<\/strong> e <strong>ingresos<\/strong>.<\/li>\n<li>Tu competencia se llena, mientras<strong> tus mesas siguen vac\u00edas<\/strong>.<\/li>\n<\/ul>\n<p>[\/et_pb_text][\/et_pb_column][et_pb_column type=\u00bb3_5&#8243; _builder_version=\u00bb4.27.4&#8243; _module_preset=\u00bbdefault\u00bb background_color=\u00bbrgba(255,255,255,0.88)\u00bb custom_padding=\u00bb2vw|2vw|2vw|2vw|true|true\u00bb custom_padding_tablet=\u00bb4vw|4vw|4vw|4vw|true|true\u00bb custom_padding_phone=\u00bb8vw|8vw|8vw|8vw|true|true\u00bb custom_padding_last_edited=\u00bbon|desktop\u00bb box_shadow_style=\u00bbpreset1&#8243; global_colors_info=\u00bb{}\u00bb][et_pb_text _builder_version=\u00bb4.27.4&#8243; _module_preset=\u00bbdefault\u00bb text_font=\u00bb|600|||||||\u00bb text_text_color=\u00bb#666562&#8243; text_font_size=\u00bb20px\u00bb ul_line_height=\u00bb1.8em\u00bb header_2_text_color=\u00bb#CB4230&#8243; header_2_font_size=\u00bb40px\u00bb header_3_font=\u00bb|700|||||||\u00bb header_3_text_color=\u00bb#CB4230&#8243; global_colors_info=\u00bb{}\u00bb]<\/p>\n<h2>As\u00ed haces que tu restaurante S\u00cd sea visible<\/h2>\n<p>Con <strong>Play &amp; Eat Map<\/strong>, las familias te encuentran en solo 10 segundos.<\/p>\n<ul>\n<li>Aparici\u00f3n destacada en nuestro mapa interactivo de Google Maps<\/li>\n<li>Lugar gratuito en nuestro e-book interactivo, que las familias descargan para planificar sus vacaciones o fines de semana<\/li>\n<li>Actualizaci\u00f3n anual de tus datos, para que siempre est\u00e9s al d\u00eda<\/li>\n<li>Visibilidad inmediata ante miles de familias neerlandesas que buscan activamente restaurantes familiares<\/li>\n<\/ul>\n<p><span style=\"color: #cb4230;\"><strong>Resultado:<\/strong><\/span><br \/>\nM\u00e1s reservas, m\u00e1s ingresos y una s\u00f3lida reputaci\u00f3n como el lugar preferido por las familias en tu regi\u00f3n.[\/et_pb_text][\/et_pb_column][\/et_pb_row][\/et_pb_section][et_pb_section fb_built=\u00bb1&#8243; _builder_version=\u00bb4.27.4&#8243; _module_preset=\u00bbdefault\u00bb background_color=\u00bbrgba(246,159,25,0.5)\u00bb global_colors_info=\u00bb{}\u00bb][et_pb_row column_structure=\u00bb2_5,3_5&#8243; _builder_version=\u00bb4.27.4&#8243; _module_preset=\u00bbdefault\u00bb global_colors_info=\u00bb{}\u00bb][et_pb_column type=\u00bb2_5&#8243; _builder_version=\u00bb4.27.4&#8243; _module_preset=\u00bbdefault\u00bb global_colors_info=\u00bb{}\u00bb][et_pb_image src=\u00bbhttps:\/\/playandeatmap.com\/wp-content\/uploads\/2025\/10\/Logo-op-wit.webp\u00bb title_text=\u00bbLogo-op-wit\u00bb _builder_version=\u00bb4.27.4&#8243; _module_preset=\u00bbdefault\u00bb background_color=\u00bbRGBA(255,255,255,0)\u00bb custom_padding=\u00bb1vw|1vw|1vw|1vw|true|true\u00bb custom_padding_tablet=\u00bb3vw|3vw|3vw|3vw|true|true\u00bb custom_padding_phone=\u00bb6vw|6vw|6vw|6vw|true|true\u00bb custom_padding_last_edited=\u00bbon|phone\u00bb border_radii=\u00bbon|25px|25px|25px|25px\u00bb global_colors_info=\u00bb{}\u00bb][\/et_pb_image][\/et_pb_column][et_pb_column type=\u00bb3_5&#8243; _builder_version=\u00bb4.27.4&#8243; _module_preset=\u00bbdefault\u00bb global_colors_info=\u00bb{}\u00bb][et_pb_text _builder_version=\u00bb4.27.4&#8243; _module_preset=\u00bbdefault\u00bb text_text_color=\u00bb#666562&#8243; header_2_text_color=\u00bb#CB4230&#8243; global_colors_info=\u00bb{}\u00bb]<\/p>\n<h2>El valor real para tu restaurante<\/h2>\n<ul>\n<li>El 98 % de los padres busca en internet antes de elegir d\u00f3nde comer.<\/li>\n<li>De media, una familia gasta entre <strong>50 y 100 \u20ac por visita<\/strong>.<\/li>\n<\/ul>\n<p>Con Play &amp; Eat Map, tu restaurante aparece justo cuando esas familias est\u00e1n buscando un sitio donde comer y jugar.<br \/>Adem\u00e1s, tu negocio tambi\u00e9n se incluye en nuestro e-book interactivo, que las familias descargan antes de planificar sus vacaciones o escapadas.<\/p>\n<p>As\u00ed, no solo eres visible en internet: te conviertes en <strong>el restaurante que las familias eligen, recomiendan y recuerdan<\/strong>.<\/p>\n<p><strong>Resultado:<\/strong><br \/>M\u00e1s reservas, m\u00e1s ingresos y una reputaci\u00f3n estable como el restaurante familiar m\u00e1s querido de tu zona.<\/p>\n<p>[\/et_pb_text][\/et_pb_column][\/et_pb_row][\/et_pb_section][et_pb_section fb_built=\u00bb1&#8243; _builder_version=\u00bb4.27.4&#8243; _module_preset=\u00bbdefault\u00bb background_color=\u00bb#1C9FCA\u00bb global_colors_info=\u00bb{}\u00bb][et_pb_row column_structure=\u00bb2_5,3_5&#8243; _builder_version=\u00bb4.27.4&#8243; _module_preset=\u00bbdefault\u00bb global_colors_info=\u00bb{}\u00bb][et_pb_column type=\u00bb2_5&#8243; _builder_version=\u00bb4.27.4&#8243; _module_preset=\u00bbdefault\u00bb global_colors_info=\u00bb{}\u00bb][et_pb_text _builder_version=\u00bb4.27.4&#8243; _module_preset=\u00bbdefault\u00bb text_font=\u00bb|600|||||||\u00bb text_text_color=\u00bb#FFFFFF\u00bb header_2_text_align=\u00bbleft\u00bb header_2_text_color=\u00bb#FFFFFF\u00bb header_2_font_size=\u00bb40px\u00bb text_orientation=\u00bbcenter\u00bb global_colors_info=\u00bb{}\u00bb]<\/p>\n<h2>Oferta exclusiva para Socios Fundadores<\/h2>\n<p>[\/et_pb_text][et_pb_divider color=\u00bb#FFFFFF\u00bb divider_weight=\u00bb2px\u00bb _builder_version=\u00bb4.27.4&#8243; _module_preset=\u00bbdefault\u00bb width=\u00bb10vw\u00bb module_alignment=\u00bbleft\u00bb custom_margin=\u00bb-25px||||false|false\u00bb global_colors_info=\u00bb{}\u00bb][\/et_pb_divider][et_pb_text _builder_version=\u00bb4.27.4&#8243; _module_preset=\u00bbdefault\u00bb text_font=\u00bb|600|||||||\u00bb text_text_color=\u00bb#FFFFFF\u00bb text_font_size=\u00bb22px\u00bb header_2_text_color=\u00bb#FFFFFF\u00bb header_2_font_size=\u00bb40px\u00bb global_colors_info=\u00bb{}\u00bb]<\/p>\n<p>Solo para los primeros 100 restaurantes!<\/p>\n<p>[\/et_pb_text][\/et_pb_column][et_pb_column type=\u00bb3_5&#8243; _builder_version=\u00bb4.27.4&#8243; _module_preset=\u00bbdefault\u00bb global_colors_info=\u00bb{}\u00bb][et_pb_text _builder_version=\u00bb4.27.4&#8243; _module_preset=\u00bbdefault\u00bb text_font=\u00bb|600|||||||\u00bb text_text_color=\u00bb#FFFFFF\u00bb header_2_text_color=\u00bb#FFFFFF\u00bb header_2_font_size=\u00bb40px\u00bb header_3_text_color=\u00bb#FFFFFF\u00bb global_colors_info=\u00bb{}\u00bb]<\/p>\n<ul>\n<li>Convi\u00e9rtete en uno de los primeros 100 restaurantes en unirte a Play &amp; Eat Map y disfruta de por vida del precio m\u00e1s bajo.<\/li>\n<li>Precio normal: 59,95\u20ac al mes<\/li>\n<li>Tu precio (solo ahora): 29,95\u20ac al mes<\/li>\n<li>50% de descuento, fijado de por vida<\/li>\n<li>Inclusi\u00f3n gratuita en el e-book<\/li>\n<li><strong>Pagas ahora solo 359,40\u20ac por todo un a\u00f1o<\/strong><\/li>\n<li>Los meses restantes de 2025 los recibes totalmente gratis<\/li>\n<\/ul>\n<p>[\/et_pb_text][et_pb_blurb title=\u00bbImportante:\u00bb use_icon=\u00bbon\u00bb font_icon=\u00bb&#x72;||divi||400&#8243; icon_color=\u00bb#FFFFFF\u00bb icon_placement=\u00bbleft\u00bb image_icon_width=\u00bb99px\u00bb content_max_width=\u00bb100%\u00bb _builder_version=\u00bb4.27.4&#8243; _module_preset=\u00bbdefault\u00bb header_text_color=\u00bb#FFFFFF\u00bb header_font_size=\u00bb22px\u00bb body_text_color=\u00bb#FFFFFF\u00bb global_colors_info=\u00bb{}\u00bb]<\/p>\n<p>Este precio no volver\u00e1 nunca m\u00e1s. Solo los primeros 100 socios obtendr\u00e1n esta tarifa.<\/p>\n<p>[\/et_pb_blurb][\/et_pb_column][\/et_pb_row][et_pb_row _builder_version=\u00bb4.27.4&#8243; _module_preset=\u00bbdefault\u00bb global_colors_info=\u00bb{}\u00bb][et_pb_column type=\u00bb4_4&#8243; _builder_version=\u00bb4.27.4&#8243; _module_preset=\u00bbdefault\u00bb global_colors_info=\u00bb{}\u00bb][et_pb_button button_url=\u00bbhttps:\/\/playandeatmap.com\/es\/producto\/socio-fundador-de-play-eat-map\/\u00bb url_new_window=\u00bbon\u00bb button_text=\u00bb\u00danete ahora y asegura tu descuento de por vida\u00bb button_alignment=\u00bbcenter\u00bb _builder_version=\u00bb4.27.4&#8243; _module_preset=\u00bbdefault\u00bb custom_button=\u00bbon\u00bb button_text_color=\u00bb#FFFFFF\u00bb button_bg_color=\u00bb#CB4230&#8243; button_use_icon=\u00bboff\u00bb custom_margin=\u00bbauto||||false|false\u00bb custom_padding=\u00bb15px||15px||true|false\u00bb custom_css_main_element=\u00bbline-height: 1.4em !important;\u00bb global_colors_info=\u00bb{}\u00bb button_bg_color__hover_enabled=\u00bbon|hover\u00bb button_bg_color__hover=\u00bb#F69F19&#8243; button_bg_enable_color__hover=\u00bbon\u00bb][\/et_pb_button][\/et_pb_column][\/et_pb_row][\/et_pb_section][et_pb_section fb_built=\u00bb1&#8243; _builder_version=\u00bb4.27.4&#8243; _module_preset=\u00bbdefault\u00bb background_color=\u00bbRGBA(255,255,255,0)\u00bb global_colors_info=\u00bb{}\u00bb][et_pb_row column_structure=\u00bb1_4,1_4,1_4,1_4&#8243; _builder_version=\u00bb4.27.4&#8243; _module_preset=\u00bbdefault\u00bb global_colors_info=\u00bb{}\u00bb][et_pb_column type=\u00bb1_4&#8243; _builder_version=\u00bb4.27.4&#8243; _module_preset=\u00bbdefault\u00bb global_colors_info=\u00bb{}\u00bb][et_pb_blurb title=\u00bbS\u00e9 f\u00e1cil de encontrar\u00bb use_icon=\u00bbon\u00bb font_icon=\u00bb&#xe01d;||divi||400&#8243; icon_color=\u00bb#CB4230&#8243; _builder_version=\u00bb4.27.4&#8243; _module_preset=\u00bbdefault\u00bb header_text_align=\u00bbcenter\u00bb global_colors_info=\u00bb{}\u00bb][\/et_pb_blurb][\/et_pb_column][et_pb_column type=\u00bb1_4&#8243; _builder_version=\u00bb4.27.4&#8243; _module_preset=\u00bbdefault\u00bb global_colors_info=\u00bb{}\u00bb][et_pb_blurb title=\u00bbM\u00e1s mesas llenas\u00bb use_icon=\u00bbon\u00bb font_icon=\u00bb&#xe023;||divi||400&#8243; icon_color=\u00bb#CB4230&#8243; _builder_version=\u00bb4.27.4&#8243; _module_preset=\u00bbdefault\u00bb header_text_align=\u00bbcenter\u00bb global_colors_info=\u00bb{}\u00bb][\/et_pb_blurb][\/et_pb_column][et_pb_column type=\u00bb1_4&#8243; _builder_version=\u00bb4.27.4&#8243; _module_preset=\u00bbdefault\u00bb global_colors_info=\u00bb{}\u00bb][et_pb_blurb title=\u00bbM\u00e1s ingresos\u00bb use_icon=\u00bbon\u00bb font_icon=\u00bb&#xf4c0;||fa||900&#8243; icon_color=\u00bb#CB4230&#8243; _builder_version=\u00bb4.27.4&#8243; _module_preset=\u00bbdefault\u00bb header_text_align=\u00bbcenter\u00bb global_colors_info=\u00bb{}\u00bb][\/et_pb_blurb][\/et_pb_column][et_pb_column type=\u00bb1_4&#8243; _builder_version=\u00bb4.27.4&#8243; _module_preset=\u00bbdefault\u00bb global_colors_info=\u00bb{}\u00bb][et_pb_blurb title=\u00bbReputaci\u00f3n m\u00e1s fuerte\u00bb use_icon=\u00bbon\u00bb font_icon=\u00bb&#xf091;||fa||900&#8243; icon_color=\u00bb#CB4230&#8243; _builder_version=\u00bb4.27.4&#8243; _module_preset=\u00bbdefault\u00bb header_text_align=\u00bbcenter\u00bb global_colors_info=\u00bb{}\u00bb][\/et_pb_blurb][\/et_pb_column][\/et_pb_row][et_pb_row _builder_version=\u00bb4.27.4&#8243; _module_preset=\u00bbdefault\u00bb global_colors_info=\u00bb{}\u00bb][et_pb_column type=\u00bb4_4&#8243; _builder_version=\u00bb4.27.4&#8243; _module_preset=\u00bbdefault\u00bb global_colors_info=\u00bb{}\u00bb][et_pb_text _builder_version=\u00bb4.27.4&#8243; _module_preset=\u00bbdefault\u00bb text_font=\u00bb|600|||||||\u00bb text_text_color=\u00bb#CB4230&#8243; text_font_size=\u00bb20px\u00bb text_orientation=\u00bbcenter\u00bb global_colors_info=\u00bb{}\u00bb]Play &#038; Eat Map se convertir\u00e1 en la mayor red de restaurantes familiares de Europa. Convi\u00e9rtete ahora en uno de los primeros en aprovechar esta oportunidad \u00fanica.[\/et_pb_text][et_pb_button button_url=\u00bbhttps:\/\/playandeatmap.com\/es\/producto\/socio-fundador-de-play-eat-map\/\u00bb url_new_window=\u00bbon\u00bb button_text=\u00bbReclama ahora mismo tu 50% de descuento\u00bb button_alignment=\u00bbcenter\u00bb _builder_version=\u00bb4.27.4&#8243; _module_preset=\u00bbdefault\u00bb custom_button=\u00bbon\u00bb button_text_color=\u00bb#FFFFFF\u00bb button_bg_color=\u00bb#CB4230&#8243; button_use_icon=\u00bboff\u00bb custom_margin=\u00bbauto||||false|false\u00bb custom_padding=\u00bb15px||15px||true|false\u00bb custom_css_main_element=\u00bbline-height: 1.4em !important;\u00bb global_colors_info=\u00bb{}\u00bb button_bg_color__hover_enabled=\u00bbon|hover\u00bb button_bg_color__hover=\u00bb#1C9FCA\u00bb button_bg_enable_color__hover=\u00bbon\u00bb][\/et_pb_button][\/et_pb_column][\/et_pb_row][\/et_pb_section]<\/p>\n","protected":false},"excerpt":{"rendered":"<p>Convi\u00e9rtete en uno de los primeros 100 restaurantes y disfruta del mayor descuento de por vida.Por qu\u00e9 las familias no te encuentran ahora Los padres quieren disfrutar de una comida tranquila.Los ni\u00f1os necesitan un lugar donde jugar con seguridad.Tu restaurante ofrece justo eso\u2026 pero las familias no lo saben. Consecuencia: Las familias eligen el primer [&hellip;]<\/p>\n","protected":false},"author":1,"featured_media":0,"parent":0,"menu_order":0,"comment_status":"closed","ping_status":"closed","template":"","meta":{"_et_pb_use_builder":"on","_et_pb_old_content":"","_et_gb_content_width":"","footnotes":""},"class_list":["post-302","page","type-page","status-publish","hentry"],"_links":{"self":[{"href":"https:\/\/playandeatmap.com\/es\/wp-json\/wp\/v2\/pages\/302","targetHints":{"allow":["GET"]}}],"collection":[{"href":"https:\/\/playandeatmap.com\/es\/wp-json\/wp\/v2\/pages"}],"about":[{"href":"https:\/\/playandeatmap.com\/es\/wp-json\/wp\/v2\/types\/page"}],"author":[{"embeddable":true,"href":"https:\/\/playandeatmap.com\/es\/wp-json\/wp\/v2\/users\/1"}],"replies":[{"embeddable":true,"href":"https:\/\/playandeatmap.com\/es\/wp-json\/wp\/v2\/comments?post=302"}],"version-history":[{"count":36,"href":"https:\/\/playandeatmap.com\/es\/wp-json\/wp\/v2\/pages\/302\/revisions"}],"predecessor-version":[{"id":763,"href":"https:\/\/playandeatmap.com\/es\/wp-json\/wp\/v2\/pages\/302\/revisions\/763"}],"wp:attachment":[{"href":"https:\/\/playandeatmap.com\/es\/wp-json\/wp\/v2\/media?parent=302"}],"curies":[{"name":"wp","href":"https:\/\/api.w.org\/{rel}","templated":true}]}}