{"id":312,"date":"2025-10-02T14:26:22","date_gmt":"2025-10-02T12:26:22","guid":{"rendered":"https:\/\/playandeatmap.com\/product\/socio-fundador-de-play-eat-map\/"},"modified":"2025-10-12T14:40:58","modified_gmt":"2025-10-12T12:40:58","slug":"socio-fundador-de-play-eat-map","status":"publish","type":"product","link":"https:\/\/playandeatmap.com\/es\/producto\/socio-fundador-de-play-eat-map\/","title":{"rendered":"Socio Fundador de Play &amp; Eat Map"},"content":{"rendered":"<h2>Convi\u00e9rtete en Socio Fundador de Play &amp; Eat Map<\/h2>\n<h3>\u00a1Solo 29,95\u20ac al mes!<\/h3>\n<p><strong>Lo que recibes como Socio Fundador<\/strong><br \/>\n\u2705 Tu restaurante visible en nuestro <strong>mapa interactivo<\/strong>, utilizado por miles de familias neerlandesas para planificar sus vacaciones<br \/>\n\u2705 Inclusi\u00f3n gratuita en nuestro primer <strong>e-book interactivo<\/strong> que las familias descargan antes de viajar<br \/>\n\u2705 Actualizaci\u00f3n anual de tus datos, siempre al d\u00eda y verificados<br \/>\n\u2705 En solo 7 d\u00edas tu restaurante estar\u00e1 activo en el mapa<br \/>\n\u2705 <strong>M\u00e1s visibilidad<\/strong> cuando Play &amp; Eat Map se expanda internacionalmente \u2192 pronto te ver\u00e1n cientos de miles de familias en toda Europa<br \/>\n\u2705 Paga ahora un a\u00f1o completo (359,40\u20ac) y recibe gratis los meses restantes de 2025<\/p>\n<p><strong>\u00a1EXCLUSIVO para los primeros 100 restaurantes!<\/strong><\/p>\n","protected":false},"excerpt":{"rendered":"<h3>\u00a1No esperes m\u00e1s!<\/h3>\n<ul>\n<li>Reg\u00edstrate ahora como Socio Fundador de Play &amp; Eat Map. Realizas el pago por adelantado de <strong>un a\u00f1o completo: 359,40\u20ac.<\/strong><\/li>\n<li>Precio normal: 59,95\u20ac al mes (para los restaurantes que se unan m\u00e1s tarde).<\/li>\n<li>Precio internacional futuro: 99,95\u20ac al mes!<\/li>\n<\/ul>\n<p><strong>\u00bfNecesitas m\u00e1s informaci\u00f3n sobre esta incre\u00edble oferta?<\/strong><br \/>\n<strong><a href=\"https:\/\/playandeatmap.com\/es\/empresas\/\" target=\"_blank\">Haz clic aqu\u00ed.<\/a><\/strong><\/p>\n<p><strong>\u00bfC\u00f3mo funciona?<\/strong><br \/>\nRecibir\u00e1s una confirmaci\u00f3n inmediata de tu suscripci\u00f3n. Te mantendremos informado por correo electr\u00f3nico de todos los avances hasta el lanzamiento oficial. Una vez que la plataforma est\u00e9 activa, tu restaurante aparecer\u00e1 en el mapa interactivo en un m\u00e1ximo de 7 d\u00edas. Cada a\u00f1o recibir\u00e1s autom\u00e1ticamente la factura de renovaci\u00f3n con tu tarifa especial de Socio Fundador.<\/p>\n","protected":false},"featured_media":313,"template":"","meta":{"_et_pb_use_builder":"","_et_pb_old_content":"","_et_gb_content_width":""},"product_brand":[],"product_cat":[46],"product_tag":[],"class_list":{"0":"post-312","1":"product","2":"type-product","3":"status-publish","4":"has-post-thumbnail","6":"product_cat-empresas","8":"first","9":"instock","10":"sale","11":"taxable","12":"shipping-taxable","13":"purchasable","14":"product-type-variable","15":"has-default-attributes"},"_links":{"self":[{"href":"https:\/\/playandeatmap.com\/es\/wp-json\/wp\/v2\/product\/312","targetHints":{"allow":["GET"]}}],"collection":[{"href":"https:\/\/playandeatmap.com\/es\/wp-json\/wp\/v2\/product"}],"about":[{"href":"https:\/\/playandeatmap.com\/es\/wp-json\/wp\/v2\/types\/product"}],"wp:featuredmedia":[{"embeddable":true,"href":"https:\/\/playandeatmap.com\/es\/wp-json\/wp\/v2\/media\/313"}],"wp:attachment":[{"href":"https:\/\/playandeatmap.com\/es\/wp-json\/wp\/v2\/media?parent=312"}],"wp:term":[{"taxonomy":"product_brand","embeddable":true,"href":"https:\/\/playandeatmap.com\/es\/wp-json\/wp\/v2\/product_brand?post=312"},{"taxonomy":"product_cat","embeddable":true,"href":"https:\/\/playandeatmap.com\/es\/wp-json\/wp\/v2\/product_cat?post=312"},{"taxonomy":"product_tag","embeddable":true,"href":"https:\/\/playandeatmap.com\/es\/wp-json\/wp\/v2\/product_tag?post=312"}],"curies":[{"name":"wp","href":"https:\/\/api.w.org\/{rel}","templated":true}]}}